{"id":406,"date":"2014-11-16T21:41:51","date_gmt":"2014-11-16T20:41:51","guid":{"rendered":"http:\/\/www.bluebeach.ch\/?page_id=406"},"modified":"2018-09-23T22:36:56","modified_gmt":"2018-09-23T20:36:56","slug":"spur-z-links","status":"publish","type":"page","link":"https:\/\/bluebeach.ch\/?page_id=406","title":{"rendered":"Spur Z Links"},"content":{"rendered":"<table>\n<tbody>\n<tr>\n<td><a href=\"http:\/\/www.antikhof-wehr.de\" target=\"_blank\" rel=\"noopener\">Antikhof<\/a><\/td>\n<td>Modellbahn und Zubeh\u00f6r&nbsp;zu fairen&nbsp;Preisen<\/td>\n<\/tr>\n<tr>\n<td><a href=\"http:\/\/www.bluecher-elektronik.de\" target=\"_blank\" rel=\"noopener\">Bl\u00fccher<\/a><\/td>\n<td>Professionelle Gleisbelegtmelder (Leider schlechter Kundenservice, wenn mal was falsch ist)<\/td>\n<\/tr>\n<tr>\n<td><a href=\"http:\/\/www.klingenhoefer.com\" target=\"_blank\" rel=\"noopener\">C-M-K Modellbauwelt<\/a><\/p>\n<div class=\"Layout1 GeneralLayout Div\">&nbsp;<\/div>\n<\/td>\n<td>&nbsp;sch\u00f6ne Figuren&nbsp;etc., etwas teuer, aber oho&#8230;<\/td>\n<\/tr>\n<tr>\n<td><a href=\"https:\/\/www.conrad.ch\/de\/spur-z-c21898.html\">Conrad<\/a><\/td>\n<td>vieles auch f\u00fcr Spur Z<\/td>\n<\/tr>\n<tr>\n<td><a href=\"http:\/\/www.tran.at\/\" target=\"_blank\" rel=\"noopener\">ct-Elektronik<\/a><\/td>\n<td>sehr kleine Lok-Decoder, leider [keine] Lieferung<br \/>\nin die Schweiz, resp. nur mit 20% MwSt. Aber <a href=\"http:\/\/www.1001-digital.de\" target=\"_blank\" rel=\"noopener\">1001-digital.de<\/a> liefert in die Schweiz<\/td>\n<\/tr>\n<tr>\n<td><a href=\"http:\/\/www.digizett.de\" target=\"_blank\" rel=\"noopener\">DigiZett<\/a><\/td>\n<td>Gute Tips rund um Spur Z<\/td>\n<\/tr>\n<tr>\n<td>&nbsp;<a href=\"http:\/\/www.esu.eu\/\">ESU<\/a><\/td>\n<td>Steuerzentrale<\/td>\n<\/tr>\n<tr>\n<td><a href=\"http:\/\/www.faller.de\/\" target=\"_blank\" rel=\"noopener\">Faller<\/a><\/td>\n<td>H\u00e4user, Figuren auch f\u00fcr Spur Z<\/td>\n<\/tr>\n<tr>\n<td><a href=\"http:\/\/www.jss-elektronik.de\" target=\"_blank\" rel=\"noopener\">JSS-Elektronik<\/a><\/td>\n<td>Decoder und Server<\/td>\n<\/tr>\n<tr>\n<td><a href=\"http:\/\/www.viessmann-modell.com\/kibri\/\" target=\"_blank\" rel=\"noopener\">Kibri<\/a><\/td>\n<td>Modellh\u00e4user, grosse Auswahl auch f\u00fcr Spur Z; geh\u00f6rt zu <a href=\"http:\/\/www.viessmann-modell.com\/\" target=\"_blank\" rel=\"noopener\">Viessmann Group<\/a><\/td>\n<\/tr>\n<tr>\n<td><a href=\"http:\/\/www.noch.de\" target=\"_blank\" rel=\"noopener\">Noch<\/a><\/td>\n<td>Gras, Laub und Schotter<\/td>\n<\/tr>\n<tr>\n<td><a href=\"http:\/\/www.preiserfiguren.de\/\" target=\"_blank\" rel=\"noopener\">Preiser<\/a><\/td>\n<td>H\u00fcbsche Figuren, wenige f\u00fcr Spur Z<\/td>\n<\/tr>\n<tr>\n<td><a href=\"http:\/\/www.qdecoder.ch\" target=\"_blank\" rel=\"noopener\">Q-Decoder<\/a><\/td>\n<td>Gute Decoder f\u00fcr Weichen Signale etc.<\/td>\n<\/tr>\n<tr>\n<td><a href=\"https:\/\/www.reimann.de\/start.php\" target=\"_blank\" rel=\"noopener\">Reimann<\/a><\/td>\n<td>Modellbahn und Zubeh\u00f6r zu fairen&nbsp;Preisen und liefert ab Schaffhausen in die Schweiz<\/td>\n<\/tr>\n<tr>\n<td><a href=\"http:\/\/www.velmo.de\" target=\"_blank\" rel=\"noopener\">Velmo<\/a><\/td>\n<td>Lok-Decoder speziell f\u00fcr Spur Z,&nbsp;einfacher Einbau bin voll begeistert. Hr. Veit (Gesch\u00e4ftsinhaber) ist sehr nett und kompetent.<\/td>\n<\/tr>\n<tr>\n<td><a href=\"http:\/\/www.viessmann-modell.com\/\" target=\"_blank\" rel=\"noopener\">Viessmann<\/a><\/td>\n<td>Modellbahnzubeh\u00f6r (Signale und Leuchten)<\/td>\n<\/tr>\n<tr>\n<td><a href=\"http:\/\/www.vollmer-online.de\" target=\"_blank\" rel=\"noopener\">Vollmer<\/a><\/td>\n<td>Modellh\u00e4user auch f\u00fcr Spur Z; geh\u00f6rt zur <a href=\"http:\/\/www.viessmann-modell.com\/\" target=\"_blank\" rel=\"noopener\">Viessmann Group<\/a><\/td>\n<\/tr>\n<tr>\n<td><a href=\"http:\/\/zettzeit.ch\" target=\"_blank\" rel=\"noopener\">Zettzeit<\/a><\/td>\n<td>Gute Tips rund um Spur Z<\/td>\n<\/tr>\n<tr>\n<td><a href=\"http:\/\/www.z-railways.de\" target=\"_blank\" rel=\"noopener\">Z-Railways<\/a><\/td>\n<td>Figuren, Autos<\/td>\n<\/tr>\n<tr>\n<td><a href=\"http:\/\/www.1001-digital.de\" target=\"_blank\" rel=\"noopener\">1001-Digital.de<\/a><\/td>\n<td>Gute Tips f\u00fcr Decoder. Alle Lok-Decoder aus einer Hand.<br \/>\nAnleitungen&nbsp;f\u00fcr Lokdecodereinbau.<\/td>\n<\/tr>\n<tr>\n<td>&nbsp;<a href=\"http:\/\/www.1zu220-shop.de\/\" target=\"_blank\" rel=\"noopener\">1 : 220 Shop<\/a><\/td>\n<td>Modellbahn und Zubeh\u00f6r zu fairen Preisen liefert auch in die Schweiz (Achtung Swisspost verzollt und verlangt im Schnitt 16%)<\/td>\n<\/tr>\n<tr>\n<td>&nbsp;<a href=\"http:\/\/schneider-feinwerktechnik.de\">Schneider-Feinwerktechnik<\/a><\/td>\n<td>&nbsp;Sch\u00f6ne Strassen- und Weg-Leuchten<\/td>\n<\/tr>\n<tr>\n<td><a href=\"http:\/\/www.modellbahn-exklusiv.de\">Modellbahn-exklusiv<\/a><\/td>\n<td>verschiedene Gestaltungselemente, wie Tisch und St\u00fchle<\/td>\n<\/tr>\n<tr>\n<td><a href=\"https:\/\/www.tapefactory24.de\">Tapefactory24<\/a><\/td>\n<td>Gipsbinden<\/td>\n<\/tr>\n<tr>\n<td><a href=\"http:\/\/www.trafofuchs.de\">Trafofuchs<\/a><\/td>\n<td>Figuren, Autos und sch\u00f6ne Strassen- und Weg-Leuchten<\/td>\n<\/tr>\n<tr>\n<td>&nbsp;<\/td>\n<td>&nbsp;<\/td>\n<\/tr>\n<\/tbody>\n<\/table>\n","protected":false},"excerpt":{"rendered":"<p>Antikhof Modellbahn und Zubeh\u00f6r&nbsp;zu fairen&nbsp;Preisen Bl\u00fccher Professionelle Gleisbelegtmelder (Leider schlechter Kundenservice, wenn mal was falsch ist) C-M-K Modellbauwelt &nbsp; &nbsp;sch\u00f6ne Figuren&nbsp;etc., etwas teuer, aber oho&#8230; Conrad vieles auch f\u00fcr Spur Z ct-Elektronik sehr kleine Lok-Decoder, leider [keine] Lieferung in die &hellip; <a href=\"https:\/\/bluebeach.ch\/?page_id=406\">Weiterlesen <span class=\"meta-nav\">&rarr;<\/span><\/a><\/p>\n","protected":false},"author":1,"featured_media":0,"parent":0,"menu_order":0,"comment_status":"closed","ping_status":"closed","template":"","meta":{"ngg_post_thumbnail":0,"footnotes":""},"class_list":["post-406","page","type-page","status-publish","hentry"],"_links":{"self":[{"href":"https:\/\/bluebeach.ch\/index.php?rest_route=\/wp\/v2\/pages\/406","targetHints":{"allow":["GET"]}}],"collection":[{"href":"https:\/\/bluebeach.ch\/index.php?rest_route=\/wp\/v2\/pages"}],"about":[{"href":"https:\/\/bluebeach.ch\/index.php?rest_route=\/wp\/v2\/types\/page"}],"author":[{"embeddable":true,"href":"https:\/\/bluebeach.ch\/index.php?rest_route=\/wp\/v2\/users\/1"}],"replies":[{"embeddable":true,"href":"https:\/\/bluebeach.ch\/index.php?rest_route=%2Fwp%2Fv2%2Fcomments&post=406"}],"version-history":[{"count":20,"href":"https:\/\/bluebeach.ch\/index.php?rest_route=\/wp\/v2\/pages\/406\/revisions"}],"predecessor-version":[{"id":1960,"href":"https:\/\/bluebeach.ch\/index.php?rest_route=\/wp\/v2\/pages\/406\/revisions\/1960"}],"wp:attachment":[{"href":"https:\/\/bluebeach.ch\/index.php?rest_route=%2Fwp%2Fv2%2Fmedia&parent=406"}],"curies":[{"name":"wp","href":"https:\/\/api.w.org\/{rel}","templated":true}]}}