{"id":402,"date":"2014-11-16T21:27:17","date_gmt":"2014-11-16T20:27:17","guid":{"rendered":"http:\/\/www.bluebeach.ch\/?page_id=402"},"modified":"2016-08-17T15:44:39","modified_gmt":"2016-08-17T13:44:39","slug":"modeleisenbahn-spur-z","status":"publish","type":"page","link":"https:\/\/bluebeach.ch\/?page_id=402","title":{"rendered":"Modelleisenbahn Spur Z"},"content":{"rendered":"<h1>Mein neues &#8218;altes&#8216; Hobby<\/h1>\n<p>Nach 30 Jahren habe ich mein altes Hobby wieder neu entdeckt. Nun bin ich an einer neuen Anlage am Aufbauen. Ich hatte\u00a0mit einigen H\u00fcrden zu k\u00e4mpfen. Ich m\u00f6chte auf der Anlage mit vielen Z\u00fcgen gleichzeitig fahren, das bedeutet entweder Analog, viele Stromkreise mit noch viel mehr Schaltern etc. Oder auf Digital gehen, und mit einer Software die Z\u00fcge steuern, dadurch sicher weniger Verkabelung und schalter&#8230;<br \/>\nNun ging ich auf die Suche nach den passenden Teilen f\u00fcr Spur Z, das ist alles andere als einfach, da aus dem Hause M\u00e4rklin nichts Digitales f\u00fcr Spur Z auf dem Markt ist. Also durchst\u00f6berte ich die Foren und fand einiges. Ich fand auch immer super nette Z-ler, die mir gerne und viele Tips geben konnten, die ich auf meinen Seite zusammengefasst habe.<\/p>\n<p><a title=\"Modelleisenbahn Spur Z\" href=\"http:\/\/www.bluebeach.ch\/?p=371\">hier gehts zu dem Aufbau Blog<br \/>\n<\/a>auf meiner Suche im Internet fand ich diese Interessanten Seiten f\u00fcr <a title=\"Spur Z Links\" href=\"http:\/\/www.bluebeach.ch\/?page_id=406\">Spur Z Liebhaber<\/a>.<\/p>\n<h1>Geschwindigkeitsumrechnung im Massstab 1:220<\/h1>\n<p>[km\/h] \u00a0\/7.92 = cm\/sek<\/p>\n<table style=\"height: 509px; width: 270px;\" border=\"2\" width=\"270\">\n<tbody>\n<tr>\n<th><strong>Wirklichkeit<\/strong><\/th>\n<th><strong>Spur Z<\/strong><\/th>\n<\/tr>\n<tr>\n<td style=\"vertical-align: top;\">30 km\/h<\/td>\n<td style=\"vertical-align: top;\">3.8 cm\/sek<\/td>\n<\/tr>\n<tr>\n<td style=\"vertical-align: top;\">50 km\/h<\/td>\n<td style=\"vertical-align: top;\">6.3 cm\/sek<\/td>\n<\/tr>\n<tr>\n<td style=\"vertical-align: top;\">80 km\/h<\/td>\n<td style=\"vertical-align: top;\">10.1 cm\/sek<\/td>\n<\/tr>\n<tr>\n<td style=\"vertical-align: top;\">120 km\/h<\/td>\n<td style=\"vertical-align: top;\">15.2 cm\/sek<\/td>\n<\/tr>\n<tr>\n<td style=\"vertical-align: top;\">150 km\/h<\/td>\n<td style=\"vertical-align: top;\">18.9 cm\/sek<\/td>\n<\/tr>\n<tr>\n<td style=\"vertical-align: top;\">200 km\/h<\/td>\n<td style=\"vertical-align: top;\">25.3 cm\/sek<\/td>\n<\/tr>\n<tr>\n<td style=\"vertical-align: top;\">250 km\/h<\/td>\n<td style=\"vertical-align: top;\">31.6 cm\/sek<\/td>\n<\/tr>\n<tr>\n<td style=\"vertical-align: top;\">300 km\/h<\/td>\n<td style=\"vertical-align: top;\">37.9 cm\/sek<\/td>\n<\/tr>\n<\/tbody>\n<\/table>\n<h1>Epochen<\/h1>\n<table style=\"width: 432px; height: 385px;\" border=\"2\">\n<tbody>\n<tr>\n<th style=\"width: 76px;\">Epoche<\/th>\n<th style=\"width: 89px;\">Schweiz Jahr<\/th>\n<th style=\"width: 121px;\">Deutschland Jahr<\/th>\n<\/tr>\n<tr>\n<td style=\"width: 76px;\">I<\/td>\n<td style=\"width: 89px;\">1844 &#8211; 1920<\/td>\n<td style=\"width: 121px;\">1835 &#8211; 1920<\/td>\n<\/tr>\n<tr>\n<td style=\"width: 76px;\">II<\/td>\n<td style=\"width: 89px;\">1920 &#8211; 1945<\/td>\n<td style=\"width: 121px;\">1920 &#8211; 1950<\/td>\n<\/tr>\n<tr>\n<td style=\"width: 76px;\">III<\/td>\n<td style=\"width: 89px;\">1945 &#8211; 1970<\/td>\n<td style=\"width: 121px;\">1949 &#8211; 1970<\/td>\n<\/tr>\n<tr>\n<td style=\"width: 76px;\">IV<\/td>\n<td style=\"width: 89px;\">1970 &#8211; 1990<\/td>\n<td style=\"width: 121px;\">1965 &#8211; 1990<\/td>\n<\/tr>\n<tr>\n<td style=\"width: 76px;\">V<\/td>\n<td style=\"width: 89px;\">1990 &#8211; 2005<\/td>\n<td style=\"width: 121px;\">1990 &#8211; 2006<\/td>\n<\/tr>\n<tr>\n<td style=\"width: 76px;\">VI<\/td>\n<td style=\"width: 89px;\">2005 &#8211;<\/td>\n<td style=\"width: 121px;\">2006 &#8211;<\/td>\n<\/tr>\n<\/tbody>\n<\/table>\n<h1>Meine Loks<\/h1>\n<table class=\" alignleft\">\n<tbody>\n<tr>\n<th style=\"vertical-align: top;\">Lok<\/th>\n<th style=\"vertical-align: top;\">Epoche<\/th>\n<th style=\"vertical-align: top;\">Decoder<\/th>\n<th style=\"vertical-align: top;\">Bild<\/th>\n<\/tr>\n<tr>\n<td style=\"width: 150px; vertical-align: top;\">BR103<br \/>\nMNr: 8854<br \/>\nAJ: 1980<\/td>\n<td style=\"width: 80px; vertical-align: top;\">IV<\/td>\n<td style=\"width: 100px; vertical-align: top;\">Velmo<\/td>\n<td style=\"vertical-align: top;\"><a href=\"http:\/\/www.bluebeach.ch\/wp-content\/uploads\/2014\/11\/BR103.0-IV-1.jpg\"><img loading=\"lazy\" decoding=\"async\" class=\"alignleft wp-image-1620 size-medium\" src=\"http:\/\/www.bluebeach.ch\/wp-content\/uploads\/2014\/11\/BR103.0-IV-1-300x117.jpg\" alt=\"\" width=\"300\" height=\"117\" \/><\/a><\/td>\n<\/tr>\n<tr>\n<td style=\"vertical-align: top;\">RE 4\/4 II SBB<br \/>\nMNr: 88591<br \/>\nAJ: 2015<\/td>\n<td style=\"vertical-align: top;\">V<\/td>\n<td style=\"vertical-align: top;\">Velmo<\/td>\n<td style=\"vertical-align: top;\"><a href=\"http:\/\/www.bluebeach.ch\/wp-content\/uploads\/2014\/11\/RE-44-II-V.jpg\"><img loading=\"lazy\" decoding=\"async\" class=\"alignleft wp-image-522 size-medium\" src=\"http:\/\/www.bluebeach.ch\/wp-content\/uploads\/2014\/11\/RE-44-II-V-300x117.jpg\" alt=\"RE 4:4 II V\" width=\"300\" height=\"117\" srcset=\"https:\/\/bluebeach.ch\/wp-content\/uploads\/2014\/11\/RE-44-II-V-300x117.jpg 300w, https:\/\/bluebeach.ch\/wp-content\/uploads\/2014\/11\/RE-44-II-V.jpg 515w\" sizes=\"auto, (max-width: 300px) 100vw, 300px\" \/><\/a><\/td>\n<\/tr>\n<tr>\n<td style=\"vertical-align: top;\">BR213<br \/>\nMNr: 88219<br \/>\nAJ: 2015<\/td>\n<td style=\"vertical-align: top;\">V<\/td>\n<td style=\"vertical-align: top;\">Velmo<\/td>\n<td style=\"vertical-align: top;\"><a href=\"http:\/\/www.bluebeach.ch\/wp-content\/uploads\/2014\/11\/BR213-V.jpg\"><img loading=\"lazy\" decoding=\"async\" class=\"alignleft wp-image-516 size-medium\" src=\"http:\/\/www.bluebeach.ch\/wp-content\/uploads\/2014\/11\/BR213-V-300x117.jpg\" alt=\"BR213 V\" width=\"300\" height=\"117\" srcset=\"https:\/\/bluebeach.ch\/wp-content\/uploads\/2014\/11\/BR213-V-300x117.jpg 300w, https:\/\/bluebeach.ch\/wp-content\/uploads\/2014\/11\/BR213-V.jpg 515w\" sizes=\"auto, (max-width: 300px) 100vw, 300px\" \/><\/a><\/td>\n<\/tr>\n<tr>\n<td style=\"vertical-align: top;\">W232.01<br \/>\n2 St\u00fcck<br \/>\nMNr: 88132<br \/>\nAJ: 2014\/15<\/td>\n<td style=\"vertical-align: top;\">V<\/td>\n<td style=\"vertical-align: top;\">Velmo<\/td>\n<td style=\"vertical-align: top;\"><a href=\"http:\/\/www.bluebeach.ch\/wp-content\/uploads\/2014\/11\/W232.01-V.jpg\"><img loading=\"lazy\" decoding=\"async\" class=\"alignleft size-medium wp-image-521\" src=\"http:\/\/www.bluebeach.ch\/wp-content\/uploads\/2014\/11\/W232.01-V-300x117.jpg\" alt=\"W232.01 V\" width=\"300\" height=\"117\" srcset=\"https:\/\/bluebeach.ch\/wp-content\/uploads\/2014\/11\/W232.01-V-300x117.jpg 300w, https:\/\/bluebeach.ch\/wp-content\/uploads\/2014\/11\/W232.01-V.jpg 515w\" sizes=\"auto, (max-width: 300px) 100vw, 300px\" \/><\/a><\/td>\n<\/tr>\n<tr>\n<td style=\"vertical-align: top;\">Be 6\/8 (Krokodil)<br \/>\nMNr: 88561<br \/>\nAJ: 2014<\/td>\n<td style=\"vertical-align: top;\">III<\/td>\n<td style=\"vertical-align: top;\">Velmo<\/td>\n<td style=\"vertical-align: top;\"><a href=\"http:\/\/www.bluebeach.ch\/wp-content\/uploads\/2014\/11\/BE-68III-III-.jpg\"><img loading=\"lazy\" decoding=\"async\" class=\"alignleft size-medium wp-image-518\" src=\"http:\/\/www.bluebeach.ch\/wp-content\/uploads\/2014\/11\/BE-68III-III--300x117.jpg\" alt=\"BE 6:8III III\" width=\"300\" height=\"117\" srcset=\"https:\/\/bluebeach.ch\/wp-content\/uploads\/2014\/11\/BE-68III-III--300x117.jpg 300w, https:\/\/bluebeach.ch\/wp-content\/uploads\/2014\/11\/BE-68III-III-.jpg 515w\" sizes=\"auto, (max-width: 300px) 100vw, 300px\" \/><\/a><\/td>\n<\/tr>\n<tr>\n<td style=\"vertical-align: top;\">BR406<br \/>\n(ICE 2)<br \/>\nMNr: 8771<br \/>\nAJ: 1990<\/td>\n<td style=\"vertical-align: top;\">V<\/td>\n<td style=\"vertical-align: top;\">Velmo<\/td>\n<td style=\"vertical-align: top;\"><a href=\"http:\/\/www.bluebeach.ch\/wp-content\/uploads\/2014\/11\/ICE-V.jpg\"><img loading=\"lazy\" decoding=\"async\" class=\"alignleft size-medium wp-image-517\" src=\"http:\/\/www.bluebeach.ch\/wp-content\/uploads\/2014\/11\/ICE-V-300x117.jpg\" alt=\"ICE V\" width=\"300\" height=\"117\" srcset=\"https:\/\/bluebeach.ch\/wp-content\/uploads\/2014\/11\/ICE-V-300x117.jpg 300w, https:\/\/bluebeach.ch\/wp-content\/uploads\/2014\/11\/ICE-V.jpg 515w\" sizes=\"auto, (max-width: 300px) 100vw, 300px\" \/><\/a><\/td>\n<\/tr>\n<tr>\n<td style=\"vertical-align: top;\">BR03<br \/>\nMNr: 88855<br \/>\nAJ: 2015<\/td>\n<td style=\"vertical-align: top;\">III<\/td>\n<td style=\"vertical-align: top;\">ct Elektronik<\/td>\n<td style=\"vertical-align: top;\"><a href=\"http:\/\/www.bluebeach.ch\/wp-content\/uploads\/2014\/11\/88855.jpg\"><img loading=\"lazy\" decoding=\"async\" class=\"alignleft size-medium wp-image-1456\" src=\"http:\/\/www.bluebeach.ch\/wp-content\/uploads\/2014\/11\/88855-300x117.jpg\" alt=\"88855\" width=\"300\" height=\"117\" srcset=\"https:\/\/bluebeach.ch\/wp-content\/uploads\/2014\/11\/88855-300x117.jpg 300w, https:\/\/bluebeach.ch\/wp-content\/uploads\/2014\/11\/88855.jpg 515w\" sizes=\"auto, (max-width: 300px) 100vw, 300px\" \/><\/a><\/td>\n<\/tr>\n<tr>\n<td style=\"vertical-align: top;\">BR150<br \/>\nMNr: 88577<br \/>\nAJ: 2015<\/td>\n<td style=\"vertical-align: top;\">V<\/td>\n<td style=\"vertical-align: top;\">Velmo<\/td>\n<td style=\"vertical-align: top;\"><a href=\"http:\/\/www.bluebeach.ch\/wp-content\/uploads\/2014\/11\/88577.jpg\"><img loading=\"lazy\" decoding=\"async\" class=\"alignleft size-medium wp-image-1455\" src=\"http:\/\/www.bluebeach.ch\/wp-content\/uploads\/2014\/11\/88577-300x117.jpg\" alt=\"88577\" width=\"300\" height=\"117\" srcset=\"https:\/\/bluebeach.ch\/wp-content\/uploads\/2014\/11\/88577-300x117.jpg 300w, https:\/\/bluebeach.ch\/wp-content\/uploads\/2014\/11\/88577.jpg 515w\" sizes=\"auto, (max-width: 300px) 100vw, 300px\" \/><\/a><\/td>\n<\/tr>\n<tr>\n<td style=\"vertical-align: top;\">BR101<br \/>\n(Starlight Express)<br \/>\nMNr: 88675<br \/>\nAJ: 2015<\/td>\n<td style=\"vertical-align: top;\">VI<\/td>\n<td style=\"vertical-align: top;\">Velmo<\/td>\n<td style=\"vertical-align: top;\"><a href=\"http:\/\/www.bluebeach.ch\/wp-content\/uploads\/2014\/11\/88675.jpg\"><img loading=\"lazy\" decoding=\"async\" class=\"alignleft size-medium wp-image-1457\" src=\"http:\/\/www.bluebeach.ch\/wp-content\/uploads\/2014\/11\/88675-300x117.jpg\" alt=\"88675\" width=\"300\" height=\"117\" srcset=\"https:\/\/bluebeach.ch\/wp-content\/uploads\/2014\/11\/88675-300x117.jpg 300w, https:\/\/bluebeach.ch\/wp-content\/uploads\/2014\/11\/88675.jpg 515w\" sizes=\"auto, (max-width: 300px) 100vw, 300px\" \/><\/a><\/td>\n<\/tr>\n<tr>\n<td style=\"vertical-align: top;\">Serie 460<br \/>\nMNr: 88467<br \/>\nAJ: 2015<\/td>\n<td style=\"vertical-align: top;\">VI<\/td>\n<td style=\"vertical-align: top;\">Velmo<\/td>\n<td style=\"vertical-align: top;\"><a href=\"http:\/\/www.bluebeach.ch\/wp-content\/uploads\/2014\/11\/S460-VI.jpg\"><img loading=\"lazy\" decoding=\"async\" class=\"alignleft wp-image-1623 size-medium\" src=\"http:\/\/www.bluebeach.ch\/wp-content\/uploads\/2014\/11\/S460-VI-300x117.jpg\" alt=\"\" width=\"300\" height=\"117\" \/><\/a><\/td>\n<\/tr>\n<tr>\n<td style=\"vertical-align: top;\">BR E 94<br \/>\nMNr: 88224<br \/>\nAJ: 2015<\/td>\n<td style=\"vertical-align: top;\">II<\/td>\n<td style=\"vertical-align: top;\">Velmo<\/td>\n<td style=\"vertical-align: top;\"><a href=\"http:\/\/www.bluebeach.ch\/wp-content\/uploads\/2014\/11\/88224.jpg\"><img loading=\"lazy\" decoding=\"async\" class=\"alignleft size-medium wp-image-1453\" src=\"http:\/\/www.bluebeach.ch\/wp-content\/uploads\/2014\/11\/88224-300x117.jpg\" alt=\"88224\" width=\"300\" height=\"117\" srcset=\"https:\/\/bluebeach.ch\/wp-content\/uploads\/2014\/11\/88224-300x117.jpg 300w, https:\/\/bluebeach.ch\/wp-content\/uploads\/2014\/11\/88224.jpg 515w\" sizes=\"auto, (max-width: 300px) 100vw, 300px\" \/><\/a><\/td>\n<\/tr>\n<tr>\n<td style=\"vertical-align: top;\">BR 212<br \/>\nMNr: 88690<br \/>\nAJ: 2016<\/td>\n<td style=\"vertical-align: top;\">V<\/td>\n<td style=\"vertical-align: top;\">Velmo<\/td>\n<td style=\"vertical-align: top;\"><a href=\"http:\/\/www.bluebeach.ch\/wp-content\/uploads\/2014\/11\/BR212-V.jpg\"><img loading=\"lazy\" decoding=\"async\" class=\"alignleft wp-image-1622 size-medium\" src=\"http:\/\/www.bluebeach.ch\/wp-content\/uploads\/2014\/11\/BR212-V-300x117.jpg\" alt=\"BR212 V\" width=\"300\" height=\"117\" \/><\/a><\/td>\n<\/tr>\n<tr>\n<td style=\"vertical-align: top;\">BR103.1<br \/>\nMNr: 88543<br \/>\nAJ: 2016<\/td>\n<td style=\"vertical-align: top;\">V<\/td>\n<td style=\"vertical-align: top;\">Velmo<\/td>\n<td style=\"vertical-align: top;\"><a href=\"http:\/\/www.bluebeach.ch\/wp-content\/uploads\/2014\/11\/BR103.1-IV.jpg\"><img loading=\"lazy\" decoding=\"async\" class=\"alignleft wp-image-1621 size-medium\" src=\"http:\/\/www.bluebeach.ch\/wp-content\/uploads\/2014\/11\/BR103.1-IV-300x117.jpg\" alt=\"BR103.1 IV\" width=\"300\" height=\"117\" \/><\/a><\/td>\n<\/tr>\n<tr>\n<td style=\"vertical-align: top;\">SVT 137<br \/>\nMNr: 88873<br \/>\nAJ: 2016<\/td>\n<td style=\"vertical-align: top;\">V<\/td>\n<td style=\"vertical-align: top;\">Velmo<\/td>\n<td style=\"vertical-align: top;\"><a href=\"http:\/\/www.bluebeach.ch\/wp-content\/uploads\/2014\/11\/SVT137-V.jpg\"><img loading=\"lazy\" decoding=\"async\" class=\"alignleft wp-image-1624 size-medium\" src=\"http:\/\/www.bluebeach.ch\/wp-content\/uploads\/2014\/11\/SVT137-V-300x117.jpg\" alt=\"SVT137 V\" width=\"300\" height=\"117\" \/><\/a><\/td>\n<\/tr>\n<tr>\n<td style=\"vertical-align: top;\">SVT 04<br \/>\nMNr: 88872<br \/>\nAJ: 2016<\/td>\n<td style=\"vertical-align: top;\">V<\/td>\n<td style=\"vertical-align: top;\">Velmo<\/td>\n<td style=\"vertical-align: top;\"><a href=\"http:\/\/www.bluebeach.ch\/wp-content\/uploads\/2014\/11\/SVT04.jpg\"><img loading=\"lazy\" decoding=\"async\" class=\"alignleft wp-image-1784 size-medium\" src=\"http:\/\/www.bluebeach.ch\/wp-content\/uploads\/2014\/11\/SVT04-300x214.jpg\" alt=\"SVT04\" width=\"300\" height=\"214\" srcset=\"https:\/\/bluebeach.ch\/wp-content\/uploads\/2014\/11\/SVT04-300x214.jpg 300w, https:\/\/bluebeach.ch\/wp-content\/uploads\/2014\/11\/SVT04.jpg 800w\" sizes=\"auto, (max-width: 300px) 100vw, 300px\" \/><\/a><\/td>\n<\/tr>\n<tr>\n<td style=\"vertical-align: top;\">ER20<br \/>\nMNR: 88884<br \/>\nAJ: 2016<\/td>\n<td style=\"vertical-align: top;\">V<\/td>\n<td style=\"vertical-align: top;\">Velmo<\/td>\n<td style=\"vertical-align: top;\"><a href=\"http:\/\/www.bluebeach.ch\/wp-content\/uploads\/2014\/11\/ER20.jpg\" rel=\"attachment wp-att-1785\"><img loading=\"lazy\" decoding=\"async\" class=\"alignleft wp-image-1785 size-medium\" src=\"http:\/\/www.bluebeach.ch\/wp-content\/uploads\/2014\/11\/ER20-300x214.jpg\" alt=\"ER20\" width=\"300\" height=\"214\" srcset=\"https:\/\/bluebeach.ch\/wp-content\/uploads\/2014\/11\/ER20-300x214.jpg 300w, https:\/\/bluebeach.ch\/wp-content\/uploads\/2014\/11\/ER20.jpg 800w\" sizes=\"auto, (max-width: 300px) 100vw, 300px\" \/><\/a><\/td>\n<\/tr>\n<\/tbody>\n<\/table>\n","protected":false},"excerpt":{"rendered":"<p>Mein neues &#8218;altes&#8216; Hobby Nach 30 Jahren habe ich mein altes Hobby wieder neu entdeckt. Nun bin ich an einer neuen Anlage am Aufbauen. Ich hatte\u00a0mit einigen H\u00fcrden zu k\u00e4mpfen. Ich m\u00f6chte auf der Anlage mit vielen Z\u00fcgen gleichzeitig fahren, &hellip; <a href=\"https:\/\/bluebeach.ch\/?page_id=402\">Weiterlesen <span class=\"meta-nav\">&rarr;<\/span><\/a><\/p>\n","protected":false},"author":1,"featured_media":0,"parent":0,"menu_order":0,"comment_status":"closed","ping_status":"closed","template":"","meta":{"ngg_post_thumbnail":0,"footnotes":""},"class_list":["post-402","page","type-page","status-publish","hentry"],"_links":{"self":[{"href":"https:\/\/bluebeach.ch\/index.php?rest_route=\/wp\/v2\/pages\/402","targetHints":{"allow":["GET"]}}],"collection":[{"href":"https:\/\/bluebeach.ch\/index.php?rest_route=\/wp\/v2\/pages"}],"about":[{"href":"https:\/\/bluebeach.ch\/index.php?rest_route=\/wp\/v2\/types\/page"}],"author":[{"embeddable":true,"href":"https:\/\/bluebeach.ch\/index.php?rest_route=\/wp\/v2\/users\/1"}],"replies":[{"embeddable":true,"href":"https:\/\/bluebeach.ch\/index.php?rest_route=%2Fwp%2Fv2%2Fcomments&post=402"}],"version-history":[{"count":24,"href":"https:\/\/bluebeach.ch\/index.php?rest_route=\/wp\/v2\/pages\/402\/revisions"}],"predecessor-version":[{"id":1873,"href":"https:\/\/bluebeach.ch\/index.php?rest_route=\/wp\/v2\/pages\/402\/revisions\/1873"}],"wp:attachment":[{"href":"https:\/\/bluebeach.ch\/index.php?rest_route=%2Fwp%2Fv2%2Fmedia&parent=402"}],"curies":[{"name":"wp","href":"https:\/\/api.w.org\/{rel}","templated":true}]}}